{"id":2,"date":"2023-02-23T19:32:05","date_gmt":"2023-02-23T19:32:05","guid":{"rendered":"http:\/\/hipertex.com\/?page_id=2"},"modified":"2023-02-23T20:23:07","modified_gmt":"2023-02-23T20:23:07","slug":"sample-page","status":"publish","type":"page","link":"https:\/\/hipertex.com\/","title":{"rendered":"Qui\u00e9nes somos?"},"content":{"rendered":"\n<p>Somos una empresa textil verticalmente integrada y la mayor productora de sweaters del Uruguay con mas de 50 a\u00f1os de experiencia. Usamos una gran variedad de hilados y fibras, entre ellas lana, acr\u00edlico, ray\u00f3n, poliamida y sus mezclas.<\/p>\n\n\n\n<p>Nuestra integraci\u00f3n vertical nos permite comenzar en la hilatura hasta llegar al sweater terminado, todo bajo nuestra supervisi\u00f3n y control de calidad.<\/p>\n\n\n\n<p>Tenemos una hilander\u00eda de corte lanero, una planta de tintura computarizada, una planta de tejido de punto con m\u00e1quinas rectil\u00edneas de \u00faltima generaci\u00f3n en galgas 3, 5, 8, 10 y 12, y una planta de confecci\u00f3n donde terminamos nuestros sweaters.<\/p>\n\n\n\n<p>Nuestros mayores mercados<br>son: Argentina, Australia, Brasil, Chile, Espa\u00f1a, Estados Unidos, Guatemala, M\u00e9xico y Uruguay<\/p>\n","protected":false},"excerpt":{"rendered":"<p>Somos una empresa textil verticalmente integrada y la mayor productora de sweaters del Uruguay con mas de 50 a\u00f1os de experiencia. Usamos una gran variedad de hilados y fibras, entre ellas lana, acr\u00edlico, ray\u00f3n, poliamida y sus mezclas. Nuestra integraci\u00f3n vertical nos permite comenzar en la hilatura hasta llegar al sweater terminado, todo bajo nuestra &#8230; <a title=\"Qui\u00e9nes somos?\" class=\"read-more\" href=\"https:\/\/hipertex.com\/\" aria-label=\"More on Qui\u00e9nes somos?\">Read more<\/a><\/p>\n","protected":false},"author":1,"featured_media":0,"parent":0,"menu_order":0,"comment_status":"closed","ping_status":"open","template":"","meta":[],"_links":{"self":[{"href":"https:\/\/hipertex.com\/index.php?rest_route=\/wp\/v2\/pages\/2"}],"collection":[{"href":"https:\/\/hipertex.com\/index.php?rest_route=\/wp\/v2\/pages"}],"about":[{"href":"https:\/\/hipertex.com\/index.php?rest_route=\/wp\/v2\/types\/page"}],"author":[{"embeddable":true,"href":"https:\/\/hipertex.com\/index.php?rest_route=\/wp\/v2\/users\/1"}],"replies":[{"embeddable":true,"href":"https:\/\/hipertex.com\/index.php?rest_route=%2Fwp%2Fv2%2Fcomments&post=2"}],"version-history":[{"count":1,"href":"https:\/\/hipertex.com\/index.php?rest_route=\/wp\/v2\/pages\/2\/revisions"}],"predecessor-version":[{"id":45,"href":"https:\/\/hipertex.com\/index.php?rest_route=\/wp\/v2\/pages\/2\/revisions\/45"}],"wp:attachment":[{"href":"https:\/\/hipertex.com\/index.php?rest_route=%2Fwp%2Fv2%2Fmedia&parent=2"}],"curies":[{"name":"wp","href":"https:\/\/api.w.org\/{rel}","templated":true}]}}