{"id":48,"date":"2023-02-23T20:24:10","date_gmt":"2023-02-23T20:24:10","guid":{"rendered":"http:\/\/hipertex.com\/?page_id=48"},"modified":"2023-02-23T20:44:00","modified_gmt":"2023-02-23T20:44:00","slug":"contacto","status":"publish","type":"page","link":"https:\/\/hipertex.com\/?page_id=48","title":{"rendered":"Contacto"},"content":{"rendered":"\n<p>Tel\u00e9fono: +(598 2) 513 4351 <br>Direcci\u00f3n postal: Marcos Sastre 2828, 12100 Montevideo, URUGUAY<br>Informaci\u00f3n: info@hipertex.com<\/p>\n","protected":false},"excerpt":{"rendered":"<p>Tel\u00e9fono: +(598 2) 513 4351 Direcci\u00f3n postal: Marcos Sastre 2828, 12100 Montevideo, URUGUAYInformaci\u00f3n: info@hipertex.com<\/p>\n","protected":false},"author":1,"featured_media":0,"parent":0,"menu_order":0,"comment_status":"closed","ping_status":"closed","template":"","meta":[],"_links":{"self":[{"href":"https:\/\/hipertex.com\/index.php?rest_route=\/wp\/v2\/pages\/48"}],"collection":[{"href":"https:\/\/hipertex.com\/index.php?rest_route=\/wp\/v2\/pages"}],"about":[{"href":"https:\/\/hipertex.com\/index.php?rest_route=\/wp\/v2\/types\/page"}],"author":[{"embeddable":true,"href":"https:\/\/hipertex.com\/index.php?rest_route=\/wp\/v2\/users\/1"}],"replies":[{"embeddable":true,"href":"https:\/\/hipertex.com\/index.php?rest_route=%2Fwp%2Fv2%2Fcomments&post=48"}],"version-history":[{"count":3,"href":"https:\/\/hipertex.com\/index.php?rest_route=\/wp\/v2\/pages\/48\/revisions"}],"predecessor-version":[{"id":58,"href":"https:\/\/hipertex.com\/index.php?rest_route=\/wp\/v2\/pages\/48\/revisions\/58"}],"wp:attachment":[{"href":"https:\/\/hipertex.com\/index.php?rest_route=%2Fwp%2Fv2%2Fmedia&parent=48"}],"curies":[{"name":"wp","href":"https:\/\/api.w.org\/{rel}","templated":true}]}}